{"id":54,"date":"2021-07-26T18:40:13","date_gmt":"2021-07-26T15:40:13","guid":{"rendered":"http:\/\/www.ddtry.fi\/?page_id=54"},"modified":"2026-02-15T18:50:09","modified_gmt":"2026-02-15T16:50:09","slug":"dandie-hurmaava-terrieri","status":"publish","type":"page","link":"https:\/\/www.ddtry.fi\/","title":{"rendered":"Tutustu dandieen!"},"content":{"rendered":"\n\n<div class=\"wp-block-group\">\n<figure class=\"wp-block-image size-large is-style-default\"><img fetchpriority=\"high\" decoding=\"async\" width=\"1024\" height=\"441\" src=\"https:\/\/www.ddtry.fi\/wp-content\/uploads\/2021\/07\/cropped-tytot_sohvalla2-1024x441.jpg\" alt=\"\" class=\"wp-image-49\" srcset=\"https:\/\/www.ddtry.fi\/wp-content\/uploads\/2021\/07\/cropped-tytot_sohvalla2-1024x441.jpg 1024w, https:\/\/www.ddtry.fi\/wp-content\/uploads\/2021\/07\/cropped-tytot_sohvalla2-300x129.jpg 300w, https:\/\/www.ddtry.fi\/wp-content\/uploads\/2021\/07\/cropped-tytot_sohvalla2-768x331.jpg 768w, https:\/\/www.ddtry.fi\/wp-content\/uploads\/2021\/07\/cropped-tytot_sohvalla2-1140x491.jpg 1140w, https:\/\/www.ddtry.fi\/wp-content\/uploads\/2021\/07\/cropped-tytot_sohvalla2.jpg 1300w\" sizes=\"(max-width: 1024px) 100vw, 1024px\" \/><\/figure>\n\n\n\n<p class=\"has-drop-cap\"><br>Dandiedinmontinterrieri. Yst\u00e4vien kesken dandie. Hurmaava harvinainen terrieri.<\/p>\n\n\n\n<p><br>Dandiedinmontinterrierit \u2013 DDT ry on dandien oma yhdistys. Yhdistyksemme pyrkii edist\u00e4m\u00e4\u00e4n dandiedinmontinterrierien kasvattamista ja jalostamista sek\u00e4 tekem\u00e4\u00e4n tunnetuksi t\u00e4t\u00e4 rakastettavaa terrierirotua.<\/p>\n\n\n\n<p><br>Yhdistys on Suomen Kennelliiton, Suomen Terrierij\u00e4rjest\u00f6n ja Helsingin Seudun Kennelpiirin j\u00e4sen.<\/p>\n\n\n\n<p><br>T\u00e4ll\u00e4 hetkell\u00e4 yhdistykseemme kuuluu hieman alle 100 j\u00e4sent\u00e4, dandien omistajia ja muita rodusta kiinnostuneita, kaikkialta Suomesta.<\/p>\n\n\n\n<p><br>Seuraa yhdistyksen ajankohtaisia tapahtumia Facebookista!<\/p>\n<\/div>\n\n\n\n<p><\/p>\n\n\n\n<div class=\"wp-block-group\"><\/div>\n\n\n\n<p><\/p>\n\n","protected":false},"excerpt":{"rendered":"<p>Dandiedinmontinterrieri. Yst\u00e4vien kesken dandie. Hurmaava harvinainen terrieri. Dandiedinmontinterrierit \u2013 DDT ry on dandien oma yhdistys. Yhdistyksemme pyrkii edist\u00e4m\u00e4\u00e4n dandiedinmontinterrierien kasvattamista ja jalostamista sek\u00e4 tekem\u00e4\u00e4n tunnetuksi&hellip;<\/p>\n","protected":false},"author":1,"featured_media":49,"parent":0,"menu_order":0,"comment_status":"closed","ping_status":"closed","template":"elementor_theme","meta":{"footnotes":""},"class_list":["post-54","page","type-page","status-publish","has-post-thumbnail","hentry"],"_links":{"self":[{"href":"https:\/\/www.ddtry.fi\/index.php\/wp-json\/wp\/v2\/pages\/54","targetHints":{"allow":["GET"]}}],"collection":[{"href":"https:\/\/www.ddtry.fi\/index.php\/wp-json\/wp\/v2\/pages"}],"about":[{"href":"https:\/\/www.ddtry.fi\/index.php\/wp-json\/wp\/v2\/types\/page"}],"author":[{"embeddable":true,"href":"https:\/\/www.ddtry.fi\/index.php\/wp-json\/wp\/v2\/users\/1"}],"replies":[{"embeddable":true,"href":"https:\/\/www.ddtry.fi\/index.php\/wp-json\/wp\/v2\/comments?post=54"}],"version-history":[{"count":14,"href":"https:\/\/www.ddtry.fi\/index.php\/wp-json\/wp\/v2\/pages\/54\/revisions"}],"predecessor-version":[{"id":2099,"href":"https:\/\/www.ddtry.fi\/index.php\/wp-json\/wp\/v2\/pages\/54\/revisions\/2099"}],"wp:featuredmedia":[{"embeddable":true,"href":"https:\/\/www.ddtry.fi\/index.php\/wp-json\/wp\/v2\/media\/49"}],"wp:attachment":[{"href":"https:\/\/www.ddtry.fi\/index.php\/wp-json\/wp\/v2\/media?parent=54"}],"curies":[{"name":"wp","href":"https:\/\/api.w.org\/{rel}","templated":true}]}}