{"id":46,"date":"2021-07-26T18:41:55","date_gmt":"2021-07-26T15:41:55","guid":{"rendered":"http:\/\/www.ddtry.fi\/?page_id=46"},"modified":"2026-04-14T21:43:49","modified_gmt":"2026-04-14T18:43:49","slug":"jalostus","status":"publish","type":"page","link":"https:\/\/www.ddtry.fi\/index.php\/jalostus\/","title":{"rendered":"Jalostus"},"content":{"rendered":"\n<div class=\"wp-block-columns is-layout-flex wp-container-core-columns-is-layout-9d6595d7 wp-block-columns-is-layout-flex\">\n<div class=\"wp-block-column is-layout-flow wp-block-column-is-layout-flow\" style=\"flex-basis:100%\">\n<p>Keskeiset tavoitteet rodun jalostuksessa:<\/p>\n\n\n\n<ul class=\"wp-block-list\">\n<li>Rodun geneettisen monimuotoisuuden turvaaminen.<\/li>\n\n\n\n<li>Rodunomaisen ja yhteiskuntakelpoisen luonteen s\u00e4ilytt\u00e4minen ja k\u00e4ytt\u00f6ominaisuuksien kehitt\u00e4minen.<\/li>\n\n\n\n<li>Koiran el\u00e4m\u00e4n ja sen pidon ja k\u00e4yt\u00f6n kannalta vakavimpien perinn\u00f6llisten sairauksien ja vikojen v\u00e4hent\u00e4minen ja niiden levi\u00e4misen ehk\u00e4iseminen.<\/li>\n\n\n\n<li>Rotutyypillisen ulkomuodon s\u00e4ilytt\u00e4minen ilman turhaa liioittelua.<\/li>\n<\/ul>\n<\/div>\n<\/div>\n\n\n\n<h2 class=\"wp-block-heading\">Jalostustoimikunnan j\u00e4senet v. 2026<\/h2>\n\n\n\n<ul class=\"wp-block-list\">\n<li>Anniina Suontaus<\/li>\n\n\n\n<li>Ulla Kemppainen, kennel Muumeliinin<\/li>\n\n\n\n<li>Eija Makkonen, kennel Dunadan<\/li>\n\n\n\n<li>Marjo Nyg\u00e5rd (tuomarikoulutus), <meta charset=\"utf-8\">kennel Dunadan<\/li>\n<\/ul>\n\n\n\n<h2 class=\"wp-block-heading\">Jalostustoimikunnan toimintaohje<\/h2>\n\n\n\n<p><br>Yhdistyksen jalostustoimikuntaan kuuluu kerrallaan 4 henkil\u00f6\u00e4. J\u00e4senten toimikausi on kaksi vuotta siten, ett\u00e4 vuosittain puolet toimikunnasta on erovuorossa. Jalostustoimikunnan j\u00e4senet erovuoroisten tilalle valitaan vuosittain yhdistyksen syyskokouksessa (ensimm\u00e4isell\u00e4 kerralla valittaessa arvotaan, ketk\u00e4 ovat ensimm\u00e4isin\u00e4 erovuorossa).<br>Jalostustoimikunta kokoontuu v\u00e4hint\u00e4\u00e4n kerran vuodessa, esim. yhdistyksen kes\u00e4p\u00e4ivill\u00e4, ja muutoin pit\u00e4\u00e4 yhteytt\u00e4 tarpeen mukaan s\u00e4hk\u00f6postitse\/puhelimitse.<br><br><\/p>\n\n\n\n<h3 class=\"wp-block-heading\">Jalostustoimikunnan teht\u00e4v\u00e4t:<\/h3>\n\n\n\n<ul class=\"wp-block-list\">\n<li>JTO:n yll\u00e4pitoa varten tarvittava seuranta ja tilastointi (terveystiedot, n\u00e4yttelytulokset jne.)<\/li>\n\n\n\n<li>Yll\u00e4pit\u00e4\u00e4 listaa siitosk\u00e4ytt\u00f6\u00f6n saatavilla olevista uroksista.<\/li>\n\n\n\n<li>Antaa kasvattajan pyyt\u00e4ess\u00e4 ei-sitovia ehdotuksia soveltuvista uroksista.<\/li>\n\n\n\n<li>Seuraa rodun tilannetta ulkomailla ja pit\u00e4\u00e4 yhteytt\u00e4 tarvittaessa.<\/li>\n\n\n\n<li>Tiedottaa jalostukseen liittyvist\u00e4 asioista esim. kerhon lehdess\u00e4.<\/li>\n<\/ul>\n\n\n\n<h2 class=\"wp-block-heading\">Jalostuksen tavoiteohjelma<\/h2>\n\n\n\n<ul class=\"wp-block-list\">\n<li>Jalostuksen tavoiteohjelma (JTO) antaa kasvattajille perustietoa kasvatuksen tueksi sek\u00e4 kertoo rotuun tutustuvalle rodun tilanteesta vikojen, sairauksien ja luonteen suhteen.<\/li>\n\n\n\n<li>Dandiedinmontinterrierien ensimm\u00e4inen jalostuksen tavoiteohjelma hyv\u00e4ksyttiin virallisesti Suomen Kennelliiton jalostustieteellisess\u00e4 toimikunnassa vuonna 2007.<\/li>\n\n\n\n<li>Uusi hyv\u00e4ksytty JTO, voimassa v. 2026-2030 <strong><a href=\"https:\/\/www.ddtry.fi\/wp-content\/uploads\/2026\/02\/Dandiedinmontinterrieri-JTO-2025.pdf\">t\u00e4\u00e4ll\u00e4<\/a><\/strong>.<\/li>\n\n\n\n<li>Vanha versio oli voimassa v. 2020-2024, ja se on luettavissa <a rel=\"noreferrer noopener\" href=\"https:\/\/www.ddtry.fi\/wp-content\/uploads\/2021\/07\/DDT_JTO_tammikuu2020.pdf\" target=\"_blank\"><strong>t\u00e4\u00e4ll\u00e4<\/strong><\/a>.<\/li>\n<\/ul>\n","protected":false},"excerpt":{"rendered":"<p>Keskeiset tavoitteet rodun jalostuksessa: Jalostustoimikunnan j\u00e4senet v. 2026 Jalostustoimikunnan toimintaohje Yhdistyksen jalostustoimikuntaan kuuluu kerrallaan 4 henkil\u00f6\u00e4. J\u00e4senten toimikausi on kaksi vuotta siten, ett\u00e4 vuosittain puolet&hellip;<\/p>\n","protected":false},"author":1,"featured_media":0,"parent":0,"menu_order":0,"comment_status":"closed","ping_status":"closed","template":"","meta":{"footnotes":""},"class_list":["post-46","page","type-page","status-publish","hentry"],"_links":{"self":[{"href":"https:\/\/www.ddtry.fi\/index.php\/wp-json\/wp\/v2\/pages\/46","targetHints":{"allow":["GET"]}}],"collection":[{"href":"https:\/\/www.ddtry.fi\/index.php\/wp-json\/wp\/v2\/pages"}],"about":[{"href":"https:\/\/www.ddtry.fi\/index.php\/wp-json\/wp\/v2\/types\/page"}],"author":[{"embeddable":true,"href":"https:\/\/www.ddtry.fi\/index.php\/wp-json\/wp\/v2\/users\/1"}],"replies":[{"embeddable":true,"href":"https:\/\/www.ddtry.fi\/index.php\/wp-json\/wp\/v2\/comments?post=46"}],"version-history":[{"count":15,"href":"https:\/\/www.ddtry.fi\/index.php\/wp-json\/wp\/v2\/pages\/46\/revisions"}],"predecessor-version":[{"id":2107,"href":"https:\/\/www.ddtry.fi\/index.php\/wp-json\/wp\/v2\/pages\/46\/revisions\/2107"}],"wp:attachment":[{"href":"https:\/\/www.ddtry.fi\/index.php\/wp-json\/wp\/v2\/media?parent=46"}],"curies":[{"name":"wp","href":"https:\/\/api.w.org\/{rel}","templated":true}]}}