{"id":43,"date":"2021-07-26T18:40:38","date_gmt":"2021-07-26T15:40:38","guid":{"rendered":"http:\/\/www.ddtry.fi\/?page_id=43"},"modified":"2025-06-03T19:45:07","modified_gmt":"2025-06-03T16:45:07","slug":"ddt-yhdistys","status":"publish","type":"page","link":"https:\/\/www.ddtry.fi\/index.php\/ddt-yhdistys\/","title":{"rendered":"DDT-yhdistys"},"content":{"rendered":"\n<p>Dandiedinmontinterrierit &#8211; DDT ry pyrkii edist\u00e4m\u00e4\u00e4n dandiedinmontinterrierien kasvattamista ja jalostamista sek\u00e4 tekem\u00e4\u00e4n tunnetuksi t\u00e4t\u00e4 hurmaavaa harvinaista terrierirotua.<\/p>\n\n\n\n<p>Yhdistys on Suomen Kennelliiton, Suomen Terrierij\u00e4rjest\u00f6n ja Helsingin Seudun Kennelpiirin j\u00e4sen.<br>T\u00e4ll\u00e4 hetkell\u00e4 yhdistykseemme kuuluu noin 80 j\u00e4sent\u00e4, dandien omistajia ja muita rodusta kiinnostuneita, kaikkialta Suomesta.<\/p>\n\n\n\n<p>Yhdistys on perustettu vuonna 1995 ja se merkittiin yhdistysrekisteriin 18.12.1996. Jo sit\u00e4 ennen oli suomalaisilla dandien yst\u00e4vill\u00e4 yhdistystoimintaa useamman vuoden ajan, mutta t\u00e4st\u00e4 alkaa virallinen yhdistystoiminta.<br><br><\/p>\n\n\n\n<h2 class=\"wp-block-heading\"><strong>Hallitus 202<\/strong>5<\/h2>\n\n\n\n<div class=\"wp-block-columns is-layout-flex wp-container-core-columns-is-layout-9d6595d7 wp-block-columns-is-layout-flex\">\n<div class=\"wp-block-column is-layout-flow wp-block-column-is-layout-flow\" style=\"flex-basis:100%\">\n<ul class=\"wp-block-list\">\n<li><strong>Puheenjohtaja: <\/strong>Nunnu Ista<\/li>\n\n\n\n<li><strong>Varapuheenjohtaja: <\/strong>Laura Turtiainen<\/li>\n\n\n\n<li><strong>Sihteeri: <\/strong>Marjo Nyg\u00e5rd, Vuoreslahdentie 417, 87800 Kajaani; p. 044 507 9163, siht@ddtry.<meta charset=\"utf-8\">fi<\/li>\n\n\n\n<li><strong>Rahastonhoitaja:<\/strong> Anne Himmanen, anne.himmanen@gmail.com<\/li>\n\n\n\n<li><strong>J\u00e4sensihteeri:<\/strong> Marian Moisander, p. 040 730 1530, jasen@ddtry.<meta charset=\"utf-8\">fi<\/li>\n\n\n\n<li><strong>Pentuv\u00e4litys: <\/strong>Anne Himmanen, pentu@ddtry.<meta charset=\"utf-8\">fi<\/li>\n\n\n\n<li><strong>Nettisivut: <\/strong>Eija Makkonen, p. 044 507 9162, netti@ddtry.<meta charset=\"utf-8\">fi<\/li>\n\n\n\n<li><strong>Hallituksen varsinaiset j\u00e4senet:<\/strong> Anne Himmanen, Eija Makkonen, Marjo Nyg\u00e5rd, Tiina Nyyss\u00f6l\u00e4, Laura Turtiainen<\/li>\n\n\n\n<li><strong>Hallituksen varaj\u00e4senet:<\/strong> Taina Niemel\u00e4, Anne Tero<\/li>\n<\/ul>\n\n\n\n<p><\/p>\n<\/div>\n<\/div>\n","protected":false},"excerpt":{"rendered":"<p>Dandiedinmontinterrierit &#8211; DDT ry pyrkii edist\u00e4m\u00e4\u00e4n dandiedinmontinterrierien kasvattamista ja jalostamista sek\u00e4 tekem\u00e4\u00e4n tunnetuksi t\u00e4t\u00e4 hurmaavaa harvinaista terrierirotua. Yhdistys on Suomen Kennelliiton, Suomen Terrierij\u00e4rjest\u00f6n ja Helsingin&hellip;<\/p>\n","protected":false},"author":1,"featured_media":0,"parent":0,"menu_order":0,"comment_status":"closed","ping_status":"closed","template":"","meta":{"footnotes":""},"class_list":["post-43","page","type-page","status-publish","hentry"],"_links":{"self":[{"href":"https:\/\/www.ddtry.fi\/index.php\/wp-json\/wp\/v2\/pages\/43","targetHints":{"allow":["GET"]}}],"collection":[{"href":"https:\/\/www.ddtry.fi\/index.php\/wp-json\/wp\/v2\/pages"}],"about":[{"href":"https:\/\/www.ddtry.fi\/index.php\/wp-json\/wp\/v2\/types\/page"}],"author":[{"embeddable":true,"href":"https:\/\/www.ddtry.fi\/index.php\/wp-json\/wp\/v2\/users\/1"}],"replies":[{"embeddable":true,"href":"https:\/\/www.ddtry.fi\/index.php\/wp-json\/wp\/v2\/comments?post=43"}],"version-history":[{"count":20,"href":"https:\/\/www.ddtry.fi\/index.php\/wp-json\/wp\/v2\/pages\/43\/revisions"}],"predecessor-version":[{"id":2052,"href":"https:\/\/www.ddtry.fi\/index.php\/wp-json\/wp\/v2\/pages\/43\/revisions\/2052"}],"wp:attachment":[{"href":"https:\/\/www.ddtry.fi\/index.php\/wp-json\/wp\/v2\/media?parent=43"}],"curies":[{"name":"wp","href":"https:\/\/api.w.org\/{rel}","templated":true}]}}