{"id":42,"date":"2021-07-26T18:42:17","date_gmt":"2021-07-26T15:42:17","guid":{"rendered":"http:\/\/www.ddtry.fi\/?page_id=42"},"modified":"2021-07-27T11:29:12","modified_gmt":"2021-07-27T08:29:12","slug":"mika-dandie","status":"publish","type":"page","link":"https:\/\/www.ddtry.fi\/index.php\/mika-dandie\/","title":{"rendered":"Mik\u00e4 dandie?"},"content":{"rendered":"\n<p>Dandiedinmontinterrieri. Yst\u00e4vien kesken dandie. Kotoisin Englannin ja Skotlannin rajamailta. Alunperin pikkuriistan ja tuhoel\u00e4inten pyydyst\u00e4j\u00e4, nykyisin seurakoira.<\/p>\n\n\n\n<p><br>Dandie on pitk\u00e4runkoinen, matalajalkainen, suurip\u00e4inen koira, jolla on suuret silm\u00e4t, riippuvat korvat ja iso p\u00e4\u00e4tupsu. Rodun kaksi v\u00e4rimuunnosta ovat nimelt\u00e4\u00e4n sinappi ja pippuri.<\/p>\n\n\n\n<p><br>Alkuper\u00e4inen k\u00e4ytt\u00f6tarkoitus n\u00e4kyy viel\u00e4kin dandien ulkon\u00e4\u00f6ss\u00e4: vahvat leuat, koiran kokoon n\u00e4hden valtavat hampaat, s\u00e4\u00e4nkest\u00e4v\u00e4 turkki, vankka rakenne, tukevat raajat ja lujat kaivinkynnet, varsinkin etujaloissa.<br>Rotu on varsin pitk\u00e4ik\u00e4inen, 10-12 elinvuotta ei ole harvinaisuus.<\/p>\n\n\n\n<p><br>Luonteeltaan dandie on omanarvontuntoinen, mutta sopeutuvampaa ja ihmisrakkaampaa koiraa saa etsi\u00e4. Se on yleens\u00e4 muihin terrierirotuihin verrattuna rauhallisempi, s\u00e4yse\u00e4mpi ja lempe\u00e4mpi, mutta sen karvaiseen p\u00e4\u00e4h\u00e4n mahtuu omaa tahtoa, huumorintajua, tarmoa, rohkeutta, uteliaisuutta sek\u00e4 hyvin paljon \u00e4ly\u00e4. Aivan erityisesti se on Suuri Persoona, jonka kanssa el\u00e4m\u00e4 ei k\u00e4y tyls\u00e4ksi, eik\u00e4 kahta samanlaista ole.<\/p>\n","protected":false},"excerpt":{"rendered":"<p>Dandiedinmontinterrieri. Yst\u00e4vien kesken dandie. Kotoisin Englannin ja Skotlannin rajamailta. Alunperin pikkuriistan ja tuhoel\u00e4inten pyydyst\u00e4j\u00e4, nykyisin seurakoira. Dandie on pitk\u00e4runkoinen, matalajalkainen, suurip\u00e4inen koira, jolla on suuret&hellip;<\/p>\n","protected":false},"author":1,"featured_media":0,"parent":0,"menu_order":0,"comment_status":"closed","ping_status":"closed","template":"","meta":{"footnotes":""},"class_list":["post-42","page","type-page","status-publish","hentry"],"_links":{"self":[{"href":"https:\/\/www.ddtry.fi\/index.php\/wp-json\/wp\/v2\/pages\/42","targetHints":{"allow":["GET"]}}],"collection":[{"href":"https:\/\/www.ddtry.fi\/index.php\/wp-json\/wp\/v2\/pages"}],"about":[{"href":"https:\/\/www.ddtry.fi\/index.php\/wp-json\/wp\/v2\/types\/page"}],"author":[{"embeddable":true,"href":"https:\/\/www.ddtry.fi\/index.php\/wp-json\/wp\/v2\/users\/1"}],"replies":[{"embeddable":true,"href":"https:\/\/www.ddtry.fi\/index.php\/wp-json\/wp\/v2\/comments?post=42"}],"version-history":[{"count":2,"href":"https:\/\/www.ddtry.fi\/index.php\/wp-json\/wp\/v2\/pages\/42\/revisions"}],"predecessor-version":[{"id":100,"href":"https:\/\/www.ddtry.fi\/index.php\/wp-json\/wp\/v2\/pages\/42\/revisions\/100"}],"wp:attachment":[{"href":"https:\/\/www.ddtry.fi\/index.php\/wp-json\/wp\/v2\/media?parent=42"}],"curies":[{"name":"wp","href":"https:\/\/api.w.org\/{rel}","templated":true}]}}