{"id":1777,"date":"2021-12-22T20:03:08","date_gmt":"2021-12-22T18:03:08","guid":{"rendered":"http:\/\/www.ddtry.fi\/?page_id=1777"},"modified":"2021-12-22T20:20:43","modified_gmt":"2021-12-22T18:20:43","slug":"saannot","status":"publish","type":"page","link":"https:\/\/www.ddtry.fi\/index.php\/saannot\/","title":{"rendered":"S\u00e4\u00e4nn\u00f6t"},"content":{"rendered":"\n<p><strong>YHDISTYKSEN S\u00c4\u00c4NN\u00d6T<\/strong><\/p>\n\n\n\n<p><br><strong>Yleisi\u00e4 m\u00e4\u00e4r\u00e4yksi\u00e4<\/strong><\/p>\n\n\n\n<p><br>1 \u00a7 Yhdistyksen nimi on Dandiedinmontinterrierit &#8211; DDT ja sen kotipaikka on Helsingin kaupunki.<\/p>\n\n\n\n<p><br>2 \u00a7 Yhdistyksen toiminta k\u00e4sitt\u00e4\u00e4 koko maan, ja sen tarkoituksena on edist\u00e4\u00e4 dandiedinmontinterrierin jalostusta, tunnetuksitekemist\u00e4 ja kaikinpuolista rotuharrastusta Suomessa. Yhdistys on Suomen Kennelliitto &#8211; Finska Kennelklubben ry:n (my\u00f6hemmin n\u00e4iss\u00e4 s\u00e4\u00e4nn\u00f6iss\u00e4 SKL) ja Suomen Terrierij\u00e4rjest\u00f6 r.y. &#8211; Finlands Terrieriorganisation r.f.:n (my\u00f6hemmin n\u00e4iss\u00e4 s\u00e4\u00e4nn\u00f6iss\u00e4 STJ) j\u00e4sen.<\/p>\n\n\n\n<p><br>3 \u00a7 Tarkoituksensa toteuttamiseksi yhdistys:<\/p>\n\n\n\n<ul class=\"wp-block-list\"><li>\u00a0* pyrkii aktiivisesti ker\u00e4\u00e4m\u00e4\u00e4n dandiedinmontinterrierin harrastajat yhdistyksen ja j\u00e4rjest\u00e4ytyneen kenneltoiminnan piiriin syvent\u00e4\u00e4kseen heid\u00e4n rotu- ja kenneltietouttaan<\/li><li>* harjoittaa jalostusneuvontaa<\/li><li>* tekee yhteisty\u00f6t\u00e4 STJ:n ja SKL:n jalostustieteellisen toimikunnan kanssa jalostusty\u00f6n kehitt\u00e4miseksi\u00a0<\/li><li>* kirjaa ja julkaisee n\u00e4yttelytuloksia sek\u00e4 rekister\u00f6inti- ja terveystietoja<\/li><li>\u00a0* kartoittaa rodun terveystilannetta sek\u00e4 jakaa tietoa perinn\u00f6llisten ja muiden rodussa esiintyvien sairauksien vastustamiseksi<\/li><li>* edustaa rotua ja valvoo sen etuja STJ:ss\u00e4 ja SKL:ssa<\/li><li>* seuraa rodun kehityst\u00e4 ja tekee rotua ja muuta kennelty\u00f6t\u00e4 koskevia aloitteita STJ:lle<\/li><li>* kehitt\u00e4\u00e4 ja yll\u00e4pit\u00e4\u00e4 toimivaa yhteisty\u00f6t\u00e4 muiden koiraharrastukseen liittyvien j\u00e4rjest\u00f6jen ja yhdistysten sek\u00e4 viranomaisten kanssa<\/li><li>* seuraa yhteisty\u00f6ss\u00e4 STJ:n kanssa rodun ulkomuoto- ja koearvostelua ja tekee tarvittaessa esityksi\u00e4 tuomareiksi<\/li><li>* toimii STJ:n apuna ulkomuototuomarikoulutuksessa<\/li><li>* pit\u00e4\u00e4 yhteytt\u00e4 rodun kotimaahan ja muiden maiden vastaaviin rotuyhdistyksiin<\/li><li>* j\u00e4rjest\u00e4\u00e4 koulutus-, tiedotus- ja neuvottelutilaisuuksia rodun harrastajille ja arvostelutuomareille<\/li><li>* harjoittaa julkaisutoimintaa<\/li><li>* toimeenpanee koiran\u00e4yttelyit\u00e4 ja jalostuskatselmuksia<\/li><li>* harrastaa yleens\u00e4 koiran jalostusta ja -pitoa edist\u00e4v\u00e4\u00e4 toimintaa<\/li><\/ul>\n\n\n\n<p><br>4 \u00a7 Toimintansa tukemiseksi yhdistys voi ottaa vastaan lahjoituksia ja testamentteja, omistaa toimintaansa varten tarpeellista kiinte\u00e4\u00e4 omaisuutta, sek\u00e4 toimeenpanna asianmukaisen luvan saatuaan arpajaisia, myyj\u00e4isi\u00e4 ja rahaker\u00e4yksi\u00e4.<\/p>\n\n\n\n<p><br>5 \u00a7 Yhdistyksen viralliset kielet ovat suomi ja ruotsi, mutta p\u00f6yt\u00e4kirjakieli on suomi.<\/p>\n\n\n\n<p><br><strong>J\u00e4senyys<\/strong><\/p>\n\n\n\n<p><br>6 \u00a7 Yhdistyksen j\u00e4seni\u00e4 ovat:<\/p>\n\n\n\n<ul class=\"wp-block-list\"><li>* varsinaiset j\u00e4senet, jotka suorittavat vuotuisen j\u00e4senmaksun,<\/li><li>* perhej\u00e4senet, jotka kuuluvat varsinaisen j\u00e4senen perheeseen ja asuvat yhdess\u00e4 t\u00e4m\u00e4n kanssa ja suorittavat vuotuisen perhej\u00e4senmaksun. Perhej\u00e4senille ei l\u00e4hetet\u00e4 erikseen yhdistyksen julkaisuja ja kiertokirjeit\u00e4.<\/li><li>* tuomarij\u00e4senet, jotka ovat j\u00e4senmaksuista vapaat,<\/li><li>* kunniaj\u00e4senet, jotka ovat j\u00e4senmaksuista vapaat.<\/li><\/ul>\n\n\n\n<p><br>7 \u00a7 Yhdistyksen varsinaiseksi j\u00e4seneksi tai perhej\u00e4seneksi voi liitty\u00e4 yksityinen henkil\u00f6 maksamalla liittymismaksun sek\u00e4 vuosittaisen j\u00e4senmaksun. Tuomarij\u00e4seneksi hallitus voi kutsua yksityisen henkil\u00f6n, joka on erityisesti ansioitunut dandiedinmontinterrierin arvostelutuomarina. Kunniaj\u00e4seneksi voi yhdistys kutsua yksityisen henkil\u00f6n, joka on merkitt\u00e4v\u00e4ll\u00e4 tavalla edist\u00e4nyt yhdistyksen tarkoitusperien toteuttamista. Kunniaj\u00e4senen kutsuu hallituksen esityksest\u00e4 yhdistyksen kokous yksimielisesti. Saavutetut j\u00e4senoikeudet s\u00e4ilyv\u00e4t.<\/p>\n\n\n\n<p><br>8 \u00a7 J\u00e4senilt\u00e4 peritt\u00e4v\u00e4n liittymis- ja vuotuisen j\u00e4senmaksun suuruudesta p\u00e4\u00e4tt\u00e4\u00e4 yhdistyksen syyskokous.<\/p>\n\n\n\n<p><br>9 \u00a7 Yhdistyksen j\u00e4senyydest\u00e4 voi erota j\u00e4tt\u00e4m\u00e4ll\u00e4 hallitukselle tai sen puheenjohtajalle kirjallisen ilmoituksen erostaan tai ilmoittamalla erostaan yhdistyksen kokouksessa. Eroilmoitus merkit\u00e4\u00e4n t\u00e4ll\u00f6in p\u00f6yt\u00e4kirjaan.<\/p>\n\n\n\n<p>Yhdistyksen j\u00e4sen katsotaan eronneeksi kolmen kuukauden kuluttua er\u00e4\u00e4ntyneen j\u00e4senmaksun laiminly\u00f6nnist\u00e4.<\/p>\n\n\n\n<p>Yhdistyksen j\u00e4senen erottamista voidaan esitt\u00e4\u00e4 yhdistyksen kokoukselle, mik\u00e4li j\u00e4sen toimii yhdistyksen s\u00e4\u00e4nt\u00f6j\u00e4 tai tarkoitusperi\u00e4 vastaan tai lain tai hyvien tapojen vastaisesti tai on erotettu SKL:n j\u00e4senyydest\u00e4. Erottamiseen tarvitaan 3\/4 yhdistyksen kokouksessa annetuista \u00e4\u00e4nist\u00e4. J\u00e4sen voidaan erottaa m\u00e4\u00e4r\u00e4ajaksi tai lopullisesti. J\u00e4senell\u00e4 joka eroaa tai erotetaan yhdistyksest\u00e4 ei ole mit\u00e4\u00e4n oikeutta yhdistyksen varoihin.&nbsp;&nbsp;&nbsp;&nbsp;<\/p>\n\n\n\n<p><br>10 \u00a7 J\u00e4senet voivat hallituksen suostumuksella muodostaa paikallisia rekister\u00f6im\u00e4tt\u00f6mi\u00e4 dandie-harrastuspiirej\u00e4 ja -osastoja.<\/p>\n\n\n\n<p><br><strong>Hallinto<\/strong><\/p>\n\n\n\n<p><br>11 \u00a7 Yhdistyksen hallintoa ja asioita hoitaa \u00e4\u00e4nioikeutetuista j\u00e4senist\u00e4 valittu hallitus, johon kuuluu kahdeksi (2) vuodeksi kerrallaan valittu puheenjohtaja ja kahdeksi vuodeksi kerrallaan valitut kuusi (6) j\u00e4sent\u00e4, joista kolme eroaa vuosittain, ensi kerran arvan perusteella, sek\u00e4 kaksi (2) vuodeksi valittua varaj\u00e4sent\u00e4.<\/p>\n\n\n\n<p><br>Hallitus valitsee vuodeksi kerrallaan varapuheenjohtajan, sihteerin ja rahastonhoitajan, joista sihteeri ja rahastonhoitaja voidaan valita my\u00f6s hallituksen ulkopuolelta. Jos hallituksen j\u00e4sen joutuu eroamaan kesken toimikauttaan, tulee yhdistyksen hallituksen nimet\u00e4 h\u00e4nen tilalleen valitsemisj\u00e4rjestyksen mukainen varaj\u00e4sen j\u00e4ljell\u00e4 olevaksi toimikaudeksi. Hallitus kokoontuu puheenjohtajan tai h\u00e4nen estyneen\u00e4 ollessaan varapuheenjohtajan kutsusta, kun he katsovat olevan siihen aihetta tai, kun v\u00e4hint\u00e4\u00e4n kolme (3) hallituksen j\u00e4sent\u00e4 sit\u00e4 vaatii. Hallitus on p\u00e4\u00e4t\u00f6svaltainen, jos puheenjohtaja tai varapuheenjohtaja ja lis\u00e4ksi v\u00e4hint\u00e4\u00e4n kolme (3) hallituksen j\u00e4sent\u00e4 on saapuvilla. \u00c4\u00e4nten menness\u00e4 tasan ratkaisee kokouksen puheenjohtajan \u00e4\u00e4ni, paitsi vaaleissa arpa.<\/p>\n\n\n\n<p><br>12 \u00a7 Yhdistyksen nimen kirjoittavat puheenjohtaja tai varapuheenjohtaja, jompikumpi yhdess\u00e4 sihteerin tai rahastonhoitajan kanssa.<\/p>\n\n\n\n<p><br>13 \u00a7 Hallituksen teht\u00e4v\u00e4n\u00e4 on:<\/p>\n\n\n\n<ol class=\"wp-block-list\"><li>\u00a0Johtaa yhdistyksen toimintaa<\/li><li>\u00a0Hoitaa yhdistyksen kirjeenvaihto ja muut juoksevat asiat.<\/li><li>\u00a0Hoitaa yhdistyksen taloutta ja omaisuutta ottaen huomioon, ett\u00e4 yhdistykselle uskottuja lahjoituksia, testamentteja ja varoja k\u00e4ytet\u00e4\u00e4n n\u00e4iden s\u00e4\u00e4nt\u00f6jen puitteissa, lahjoittajan tai testamentintekij\u00e4n m\u00e4\u00e4r\u00e4ysten mukaisesti.<\/li><li>\u00a0Kutsua yhdistyksen j\u00e4senet kokouksiin ja valmistaa kokouksille esitett\u00e4v\u00e4ksi m\u00e4\u00e4r\u00e4tyt asiat<\/li><li>\u00a0Tehd\u00e4 aloitteita ja ehdotuksia yhdistyksen kokoukselle sopiviksi harkitsemistaan toimenpiteist\u00e4 yhdistyksen tarkoitusperien toteuttamiseksi.<\/li><li>\u00a0Panna toimeen yhdistyksen kokouksen p\u00e4\u00e4t\u00f6kset.<\/li><li>\u00a0M\u00e4\u00e4r\u00e4t\u00e4 yhdistyksen edustajat SKL:n ja STJ:n kokouksiin.<\/li><li>\u00a0Nimitt\u00e4\u00e4 avukseen rodun jalostusta valvova ja neuvoa-antava jalostustoimikunta.<\/li><li>\u00a0Edustaa yhdistyst\u00e4, tehd\u00e4 sitoumuksia, kantaa ja vastata yhdistyksen puolesta.<\/li><\/ol>\n\n\n\n<p><br><strong>Tilit<\/strong><\/p>\n\n\n\n<p><br>14 \u00a7 Yhdistyksen toiminta- ja tilikausi on kalenterivuosi. Tilinp\u00e4\u00e4t\u00f6s tarvittavine asiakirjoineen ja hallituksen vuosikertomus on annettava toiminnantarkastajalle viimeist\u00e4\u00e4n nelj\u00e4 viikkoa ennen kev\u00e4tkokousta. Toiminnantarkastajan tulee antaa kirjallinen lausuntonsa hallitukselle viimeist\u00e4\u00e4n kahta viikkoa ennen kev\u00e4tkokousta.<\/p>\n\n\n\n<p><br><strong>Kokoukset<\/strong><\/p>\n\n\n\n<p><br>15 \u00a7 Yhdistyksen kev\u00e4tkokous pidet\u00e4\u00e4n ennen huhtikuun 30. p\u00e4iv\u00e4\u00e4 ja syyskokous ennen joulukuun 20. p\u00e4iv\u00e4\u00e4. Hallitus m\u00e4\u00e4r\u00e4\u00e4 kokousten tarkemman ajankohdan. Ylim\u00e4\u00e4r\u00e4isi\u00e4 kokouksia pidet\u00e4\u00e4n, kun hallitus katsoo sen tarpeelliseksi tai kun v\u00e4hint\u00e4\u00e4n yksi kymmenesosa (1\/10) yhdistyksen \u00e4\u00e4nioikeutetuista j\u00e4senist\u00e4 sit\u00e4 erityisesti ilmoitettua asiaa varten kirjallisesti vaatii. \u00c4\u00e4nioikeutettuja ovat yhdistyksen kokouksissa 15 vuotta t\u00e4ytt\u00e4neet, j\u00e4senmaksunsa maksaneet j\u00e4senet sek\u00e4 tuomari- ja kunniaj\u00e4senet. Jokaisella \u00e4\u00e4nioikeutetulla j\u00e4senell\u00e4 on yksi (1) \u00e4\u00e4ni, jota h\u00e4n voi k\u00e4ytt\u00e4\u00e4 ainoastaan l\u00e4sn\u00e4olevana. Yhdistyksen kokoukset kutsutaan koolle toimittamalla j\u00e4senille kirjallinen kutsu joko postitse tai s\u00e4hk\u00f6postilla j\u00e4senen ilmoittamaan osoitteeseen v\u00e4hint\u00e4\u00e4n seitsem\u00e4n (7) p\u00e4iv\u00e4\u00e4 ennen kokousta.<\/p>\n\n\n\n<p><br>16 \u00a7 Yhdistyksen kev\u00e4tkokouksessa k\u00e4sitell\u00e4\u00e4n seuraavat asiat:<\/p>\n\n\n\n<ul class=\"wp-block-list\"><li>1. Kokouksen avaus.<\/li><li>2. Kokouksen laillisuuden ja p\u00e4\u00e4t\u00f6svaltaisuuden toteaminen.<\/li><li>3. Kokouksen j\u00e4rjest\u00e4ytyminen:<\/li><li>\u00a0\u00a0\u00a0\u00a0\u00a0 a) puheenjohtajan vaali<\/li><li>\u00a0\u00a0\u00a0\u00a0\u00a0\u00a0 b) sihteerin vaali<\/li><li>\u00a0\u00a0\u00a0\u00a0\u00a0\u00a0 c) p\u00f6yt\u00e4kirjantarkastajien vaali<\/li><li>\u00a0\u00a0\u00a0\u00a0\u00a0\u00a0 d) \u00e4\u00e4ntenlaskijain vaali<\/li><li>4. Kokouksen ty\u00f6j\u00e4rjestyksen hyv\u00e4ksyminen.<\/li><li>5. Esitet\u00e4\u00e4n toimintakertomus edelliselt\u00e4 toimintakaudelta<\/li><li>6. Esitet\u00e4\u00e4n tilinp\u00e4\u00e4t\u00f6s ja toiminnantarkastajan lausunto.<\/li><li>7. P\u00e4\u00e4tet\u00e4\u00e4n tilinp\u00e4\u00e4t\u00f6ksen vahvistamisesta sek\u00e4 vastuuvapauden my\u00f6nt\u00e4misest\u00e4 tilivelvollisille.<\/li><li>8. K\u00e4sitell\u00e4\u00e4n ja p\u00e4\u00e4tet\u00e4\u00e4n muista hallituksen tai j\u00e4senten esitt\u00e4mist\u00e4 asioista, ottaen huomioon n\u00e4iden s\u00e4\u00e4nt\u00f6jen 18 \u00a7:n ja yhdistyslain 24 \u00a7:n m\u00e4\u00e4r\u00e4ykset.<\/li><li>9. Kokouksen p\u00e4\u00e4tt\u00e4minen.<\/li><\/ul>\n\n\n\n<p><br>17\u00a7 Yhdistyksen syyskokouksessa k\u00e4sitell\u00e4\u00e4n seuraavat asiat:<\/p>\n\n\n\n<ul class=\"wp-block-list\"><li>1. Kokouksen avaus.<\/li><li>2. Kokouksen laillisuuden ja p\u00e4\u00e4t\u00f6svaltaisuuden toteaminen.<\/li><li>3. Kokouksen j\u00e4rjest\u00e4ytyminen:<\/li><li>\u00a0\u00a0\u00a0\u00a0\u00a0\u00a0 a) puheenjohtajan vaali<\/li><li>\u00a0\u00a0\u00a0\u00a0\u00a0\u00a0 b) sihteerin vaali<\/li><li>\u00a0\u00a0\u00a0\u00a0\u00a0\u00a0 c) p\u00f6yt\u00e4kirjantarkastajien vaali<\/li><li>\u00a0\u00a0\u00a0\u00a0\u00a0\u00a0 d) \u00e4\u00e4ntenlaskijain vaali<\/li><li>4. Kokouksen ty\u00f6j\u00e4rjestyksen hyv\u00e4ksyminen.<\/li><li>5. Hyv\u00e4ksyt\u00e4\u00e4n seuraavan vuoden toimintasuunnitelma.<\/li><li>6. Hyv\u00e4ksyt\u00e4\u00e4n seuraavan vuoden tulo- ja menoarvio.<\/li><li>7. P\u00e4\u00e4tet\u00e4\u00e4n liittymis- ja j\u00e4senmaksujen suuruudesta.<\/li><li>8. Valitaan yhdistyksen hallituksen puheenjohtaja joka toinen vuosi.<\/li><li>9. Valitaan yhdistyksen hallituksen j\u00e4senet erovuoroisten tilalle, sek\u00e4 vuodeksi kerrallaan kaksi (2) varaj\u00e4sent\u00e4.<\/li><li>10. Valitaan toiminnantarkastaja ja h\u00e4nelle henkil\u00f6kohtainen varamies.<\/li><li>11. K\u00e4sitell\u00e4\u00e4n ja p\u00e4\u00e4tet\u00e4\u00e4n muista hallituksen tai j\u00e4senten esitt\u00e4mist\u00e4 asioista, ottaen huomioon n\u00e4iden s\u00e4\u00e4nt\u00f6jen 18 \u00a7:n ja yhdistyslain 24 \u00a7:n m\u00e4\u00e4r\u00e4ykset.<\/li><li>12. Kokouksen p\u00e4\u00e4tt\u00e4minen.<\/li><\/ul>\n\n\n\n<p><br>18 \u00a7 J\u00e4senten kokouksessa esitt\u00e4m\u00e4t asiat voidaan ottaa siin\u00e4 k\u00e4sitelt\u00e4viksi, ja niist\u00e4 voidaan p\u00e4\u00e4tt\u00e4\u00e4, mik\u00e4li p\u00e4\u00e4t\u00f6s on yksimielinen. Jos j\u00e4sen haluaa jonkin asian yhdistyksen kokouksessa p\u00e4\u00e4tett\u00e4v\u00e4ksi tehk\u00f6\u00f6n siit\u00e4 kirjallisen esityksen niin hyviss\u00e4 ajoin ennen kokousta, ett\u00e4 asia voidaan sis\u00e4llytt\u00e4\u00e4 kokouskutsuun.<\/p>\n\n\n\n<p><br>19 \u00a7 P\u00e4\u00e4t\u00f6kset yhdistyksen kokouksissa tehd\u00e4\u00e4n yksinkertaisella \u00e4\u00e4nten enemmist\u00f6ll\u00e4, paitsi milloin on kysymys s\u00e4\u00e4nt\u00f6jen 9, 20 ja 21 \u00a7\u00a7:ss\u00e4 mainituista asioista.<\/p>\n\n\n\n<p><br><strong>S\u00e4\u00e4nt\u00f6jen muutokset ja yhdistyksen purkaminen<\/strong><\/p>\n\n\n\n<p><br>20 \u00a7 N\u00e4it\u00e4 s\u00e4\u00e4nt\u00f6j\u00e4 voidaan muuttaa yhdistyksen kokouksessa, jos muutoksesta on kokouskutsussa mainittu ja jos muutosta kannattaa v\u00e4hint\u00e4\u00e4n 3\/4 \u00e4\u00e4nestyksess\u00e4 annetuista \u00e4\u00e4nist\u00e4.<\/p>\n\n\n\n<p><br>21 \u00a7 P\u00e4\u00e4t\u00f6s yhdistyksen purkamisesta on teht\u00e4v\u00e4 kahdessa v\u00e4hint\u00e4\u00e4n 30 p\u00e4iv\u00e4n v\u00e4liajoin pidetyss\u00e4 yhdistyksen kokouksessa v\u00e4hint\u00e4\u00e4n 3\/4 \u00e4\u00e4nten enemmist\u00f6ll\u00e4 annetuista hyv\u00e4ksytyist\u00e4 \u00e4\u00e4nist\u00e4. Jos yhdistys purkautuu, on sen varat k\u00e4ytett\u00e4v\u00e4 kenneltoimintaa edist\u00e4v\u00e4\u00e4n tarkoitukseen, purkautumisesta p\u00e4\u00e4tt\u00e4neen kokouksen p\u00e4\u00e4t\u00f6ksen mukaan.<\/p>\n\n\n\n<p><br>22 \u00a7 Muuten noudatettakoon mit\u00e4 yhdistyslaissa s\u00e4\u00e4det\u00e4\u00e4n.<\/p>\n","protected":false},"excerpt":{"rendered":"<p>YHDISTYKSEN S\u00c4\u00c4NN\u00d6T Yleisi\u00e4 m\u00e4\u00e4r\u00e4yksi\u00e4 1 \u00a7 Yhdistyksen nimi on Dandiedinmontinterrierit &#8211; DDT ja sen kotipaikka on Helsingin kaupunki. 2 \u00a7 Yhdistyksen toiminta k\u00e4sitt\u00e4\u00e4 koko maan,&hellip;<\/p>\n","protected":false},"author":1,"featured_media":0,"parent":0,"menu_order":0,"comment_status":"closed","ping_status":"closed","template":"","meta":{"footnotes":""},"class_list":["post-1777","page","type-page","status-publish","hentry"],"_links":{"self":[{"href":"https:\/\/www.ddtry.fi\/index.php\/wp-json\/wp\/v2\/pages\/1777","targetHints":{"allow":["GET"]}}],"collection":[{"href":"https:\/\/www.ddtry.fi\/index.php\/wp-json\/wp\/v2\/pages"}],"about":[{"href":"https:\/\/www.ddtry.fi\/index.php\/wp-json\/wp\/v2\/types\/page"}],"author":[{"embeddable":true,"href":"https:\/\/www.ddtry.fi\/index.php\/wp-json\/wp\/v2\/users\/1"}],"replies":[{"embeddable":true,"href":"https:\/\/www.ddtry.fi\/index.php\/wp-json\/wp\/v2\/comments?post=1777"}],"version-history":[{"count":11,"href":"https:\/\/www.ddtry.fi\/index.php\/wp-json\/wp\/v2\/pages\/1777\/revisions"}],"predecessor-version":[{"id":1795,"href":"https:\/\/www.ddtry.fi\/index.php\/wp-json\/wp\/v2\/pages\/1777\/revisions\/1795"}],"wp:attachment":[{"href":"https:\/\/www.ddtry.fi\/index.php\/wp-json\/wp\/v2\/media?parent=1777"}],"curies":[{"name":"wp","href":"https:\/\/api.w.org\/{rel}","templated":true}]}}