{"id":1714,"date":"2021-10-12T13:17:42","date_gmt":"2021-10-12T10:17:42","guid":{"rendered":"http:\/\/www.ddtry.fi\/?page_id=1714"},"modified":"2021-10-12T14:15:21","modified_gmt":"2021-10-12T11:15:21","slug":"kiertopalkinnot","status":"publish","type":"page","link":"https:\/\/www.ddtry.fi\/index.php\/kiertopalkinnot\/","title":{"rendered":"Kiertopalkinnot"},"content":{"rendered":"\n<p>Yhdistyksell\u00e4 on muutamia sille lahjoitettuja kiertopalkintoja, jotka jaetaan vuosittain.<\/p>\n\n\n\n<h2 class=\"wp-block-heading\"><br>Danchester&#8217;s-malja<\/h2>\n\n\n\n<p><br>T\u00e4m\u00e4 kiertopalkinto jaettiin ensimm\u00e4isen kerran v. 2019. Sen on lahjoittanut kennel Danchester&#8217;s, om. Hanne Tuomenoksa, ja se jatkaa Big Gobbler Trophyn perint\u00f6\u00e4 sill\u00e4 palkintoon saa vuosittain kiinnityksen Helsingin Voittaja-n\u00e4yttelyn ROP-koira.<\/p>\n\n\n\n<p><br>2020 ei jaettu<br>2019 Danchester&#8217;s Another Success Story, tuomari Tuire Okkola<br><\/p>\n\n\n\n<h2 class=\"wp-block-heading\"><br>Tulevaisuuden Toivo<\/h2>\n\n\n\n<p><br>Palkinnon on lahjoittanut kennel Winterway&#8217;s, ja se jaetaan vuosittain yhdistyksen DDT Club Showssa lupaavimmalle alle 15 kk ik\u00e4iselle Suomessa kasvatetulle koiralle. Nimen maljalle on antanut Winterway&#8217;s The Hope, kutsumanimelt\u00e4\u00e4n Toivo.<br><br>2020 ei jaettu<br>2019 Starring Starting a Scene, tuomari Nina Janger<br>2018 Mustget Little Black Pearl, tuomari Kirsti Louhi<br>2017 Zimyrs Di Amor, tuomari Juha Kares<br>2016 Zimyrs Cherry Pie, tuomari Elena Ruskovaara<br>2015 Zimyrs Betty Boop, tuomari Rachel Pearce<br>2014 Varaosanen\u00e4n Akseliton Ratas, tuomari Vesa Lehtonen<br>2013 Zimyrs Xina Girl Lappaj\u00e4rvi, tuomari Liz Walkley<br>2012 Zimyrs Ultimated Song, tuomari Marja Talvitie<br>2011 Danchester&#8217;s First Class Edition, tuomari Lynda Bromley<br>2010 ei jaettu<br>2009 Barelsan Backstage Queen, tuomari Glen Tinsley<br>2008 Dunadan Misakinu, tuomari Juha Palosaari<br>2007 Danchester&#8217;s Amazing Choice, tuomari Eleonore Brackwehr<br>2006 Winterway&#8217;s The Geezer, tuomari Marjo Nyg\u00e5rd<br><\/p>\n\n\n\n<h2 class=\"wp-block-heading\"><br>Barelsan Malja<\/h2>\n\n\n\n<p><br>Pokaalin on lahjoittanut Rita Sillsten. Se on ollut kierrossa vuodesta 2010 l\u00e4htien ja annetaan Voittaja-n\u00e4yttelyss\u00e4 Vuoden Dandie -kisan parhaalle veteraanille.<br><br>2020 ei jaettu<br>2019 n Muumeliinin Kahdeksas Ihme<br>2018 u Fairmac Princemen Superior<br>2017 u Danchester\u2019s Endless Winner<br>2016 n Nice &amp; Dandy Camelia<br>2015 n Nice &amp; Dandy Camelia<br>2014 u Rontybrig Dizzy Razzcal<br>2013 u Rontybrig Dizzy Razzcal<br>2012 u Finloren Barnaby Rudge<br>2011 u Finloren Barnaby Rudge<br>2010 u Finloren Barnaby Rudge<br><br><\/p>\n\n\n\n<h2 class=\"wp-block-heading\">Vuoden Dandie -pokaali<\/h2>\n\n\n\n<p><br>Pokaalin on lahjoittanut Paavo Tervonen. Se luovutetaan Voittaja-n\u00e4yttelyss\u00e4 vuoden parhaiten menestyneelle dandielle.<\/p>\n\n\n\n<p><br>2020 ei jaettu<br>2019 u Dariant Egypt<br>2018 u Dariant Egypt<br>2017 u Dariant Egypt<br>2016 u Dariant Egypt<br>2015 u Dariant Egypt<br>2014 u Fairmac Princemen Superior<\/p>\n\n\n\n<hr class=\"wp-block-separator\"\/>\n\n\n\n<h2 class=\"wp-block-heading\"><br>Vanhemmat kiertopalkinnot<\/h2>\n\n\n\n<p><br><strong>Dunadan-maljan<\/strong> lahjoitti kennel Dunadan ja se oli kierrossa vuodesta 1993 l\u00e4htien. Palkinto luovutettiin vuosittain Suomen Terrierij\u00e4rjest\u00f6 ry:n p\u00e4\u00e4n\u00e4yttelyss\u00e4 ROP-dandielle. Palkinto oli saajan hallussa seuraavan vuoden p\u00e4\u00e4n\u00e4yttelyyn saakka. Malja kiersi vuoteen 2014 asti.<br><\/p>\n\n\n\n<p>2014 Danchester\u2019s Falling Beauty STJ 6.8., Annika Ulltveit-Moe, Ruotsi<br>2013 Danchester&#8217;s Just Me N&#8217;Only Me STJ 24.8., Marja Salminen<br>2012 Fairmac Princemen Superior STJ 25.8., Angela Ban, Kroatia<br>2011 Fairmac Princemen Superior STJ 29.8., Kimmo Mustonen<br>2010 Danchester&#8217;s Exceeded Dreams STJ 29.8., Kari Salminen<br>2009 Danchester&#8217;s Best Design STJ 29.8., Hans Erhard Gruttner, Saksa<br>2008 Danchester&#8217;s A Promise Kept STJ 30.8. , Liselotte Johansson S<br>2007 Dainty Dandies Dawsholm Davina STJ Helsinki 26.8., Paula Heikkinen-Lehkonen<br>2006 Winterway&#8217;s Mayflower Third STJ Hyvink\u00e4\u00e4 16.9.<br>2005 Goldevent Girl vom Elsengrund STJ Hyvink\u00e4\u00e4 17.9, Kirsti Smith<br>2004 Galbaras Glamour of Elf STJ Hyvink\u00e4\u00e4, Torsten Himmrich<br>2003 &#8211; ei ROP koiraa &#8211; STJ Helsinki 20.9., Raija J\u00e4rvinen<br>2002 Muumeliinin Mirhami STJ Hyvink\u00e4\u00e4, C-G Stafberg S<br>2001 Galbaras Fiery Wisper STJ Helsinki, Tarmo Viirtel\u00e4<br>2000 Galbaras Hiijop Helsinki 3&amp;9, Pirjo Hjelm<br>1999 Marfidal Unique Union STJ Helsinki, Cindy Pettersson S<br>1998 Dunadan Fire-Balloon STJ Espoo, Jul Hamlot N<br>1997 Dunadan Fire-Balloon STJ Espoo, Michael Kirby IRL<br>1996 Happy Rustics Almond Knight STJ Hyvink\u00e4\u00e4, Elke Peper D<br>1995 Weggelvius Daffodil Dawn Kuopio KV, Gitta Ringwall<br>1994 Scattercash Allspice STJ Hyvink\u00e4\u00e4, David Murray GB<br>1993 Dodo&#8217;s Friends Alexandra Kuopio KV, Ronald Irving GB<\/p>\n\n\n\n<p><br><strong>Weggelvius-malja eli Big Gobbler Trophy:<\/strong> t\u00e4m\u00e4n palkinnon lahjoitti kennel Weggelvius vuonna 1990 kiertopalkinnoksi, joka jaettiin vuosittain Helsingin Voittaja-n\u00e4yttelyss\u00e4, ja vuodeksi kiinnityksen siihen saa ROP-koira. Malja on saanut nimens\u00e4 1980-luvulla eritt\u00e4in menestyksekk\u00e4\u00e4n n\u00e4yttelyuran luoneen Big Gobblerin mukaan. Palkinto kiersi vuoteen 2015 asti.<br><\/p>\n\n\n\n<p>2015 Danchester&#8217;s Keep On&#8217;Going Helsinki V-15, Dan Ericsson<br>2014 Fairmac Princemen Superior Helsinki V-14, Michael Leonard<br>2013 Fairmac Princemen Superior Helsinki V-13, James Byrnes<br>2012 Danchester&#8217;s Just Me N&#8217; Only Me Helsinki V-12, Irina Poletaeva<br>2011 Danchester&#8217;s Falling Beauty Helsinki V-11, Rainer Vuorinen<br>2010 Finloren Barnaby Rudge Helsinki V-10, Andras Korosz HU<br>2009 Danchester&#8217;s A Promise Kept Helsinki V-09, Per Iversen NO<br>2008 Tenacious Cowboy Magic Helsinki V-08, Pia Lundberg SE<br>2007 German Dandies\u2019 Mandy Helsinki V-07, Johan Juslin<br>2006 Sunjoy&#8217;s Shadow of Victory Helsinki V-06, Marjo Nyg\u00e5rd<br>2005 Toftir Beter Than Hope Helsinki V-05, Marja Salminen<br>2004 Rowanberry Rocket Helsinki V-04<br>2003 Rowanberry Rocket Helsinki V-03, Matti Luoso<br>2002 Toftir Geronimo Helsinki V-02, Edd E Bivin USA<br>2001 Galbaras Fiery Wisper Helsinki V-01, Rainer Vuorinen<br>2000 Galbaras Hiijop Helsinki V-00, Ronnie Irving GB<br>1999 Dunadan Little Infanta Helsinki V-99, Siv Jernhake SE<br>1998 Dunadan Fire-Balloon Helsinki V-98, Gitta Ringwall<br>1997 Dodo&#8217;s Friends Alexandra Helsinki V-97, Pamela Cross Stern GB<br>1996 Weggelvius Enigma Helsinki V-96, Harto Hallikas<br>1995 Zimyrs Aqva Leja Helsinki V-95, Kenneth Edh SE<br>1994 Winterway&#8217;s The Beehive Helsinki V-94, Anja Puumala<br>1993 Winterway&#8217;s The Broker Helsinki V-93, Erica Bons de Wever NL<br>1992 Tajmadoran Candy Helsinki V-92<br>1991 Weggelvius Clarach Meg Helsinki V-91, Ingela Nilsson SE<br>1990 Eclair&#8217;s Miriam Helsinki V-90, Brenda Banbury GB<\/p>\n\n\n\n<p><\/p>\n","protected":false},"excerpt":{"rendered":"<p>Yhdistyksell\u00e4 on muutamia sille lahjoitettuja kiertopalkintoja, jotka jaetaan vuosittain. Danchester&#8217;s-malja T\u00e4m\u00e4 kiertopalkinto jaettiin ensimm\u00e4isen kerran v. 2019. Sen on lahjoittanut kennel Danchester&#8217;s, om. Hanne Tuomenoksa,&hellip;<\/p>\n","protected":false},"author":1,"featured_media":0,"parent":0,"menu_order":0,"comment_status":"closed","ping_status":"closed","template":"","meta":{"footnotes":""},"class_list":["post-1714","page","type-page","status-publish","hentry"],"_links":{"self":[{"href":"https:\/\/www.ddtry.fi\/index.php\/wp-json\/wp\/v2\/pages\/1714","targetHints":{"allow":["GET"]}}],"collection":[{"href":"https:\/\/www.ddtry.fi\/index.php\/wp-json\/wp\/v2\/pages"}],"about":[{"href":"https:\/\/www.ddtry.fi\/index.php\/wp-json\/wp\/v2\/types\/page"}],"author":[{"embeddable":true,"href":"https:\/\/www.ddtry.fi\/index.php\/wp-json\/wp\/v2\/users\/1"}],"replies":[{"embeddable":true,"href":"https:\/\/www.ddtry.fi\/index.php\/wp-json\/wp\/v2\/comments?post=1714"}],"version-history":[{"count":7,"href":"https:\/\/www.ddtry.fi\/index.php\/wp-json\/wp\/v2\/pages\/1714\/revisions"}],"predecessor-version":[{"id":1726,"href":"https:\/\/www.ddtry.fi\/index.php\/wp-json\/wp\/v2\/pages\/1714\/revisions\/1726"}],"wp:attachment":[{"href":"https:\/\/www.ddtry.fi\/index.php\/wp-json\/wp\/v2\/media?parent=1714"}],"curies":[{"name":"wp","href":"https:\/\/api.w.org\/{rel}","templated":true}]}}