{"id":1689,"date":"2021-10-12T12:56:23","date_gmt":"2021-10-12T09:56:23","guid":{"rendered":"http:\/\/www.ddtry.fi\/?page_id=1689"},"modified":"2025-06-03T19:45:50","modified_gmt":"2025-06-03T16:45:50","slug":"jasenyys-ja-toiminta","status":"publish","type":"page","link":"https:\/\/www.ddtry.fi\/index.php\/jasenyys-ja-toiminta\/","title":{"rendered":"J\u00e4senyys ja toiminta"},"content":{"rendered":"\n<h2 class=\"wp-block-heading\">J\u00e4seneksi?<\/h2>\n\n\n\n<p><br>Halutessasi liitty\u00e4 Dandiedinmontinterrierit-DDT ry:n j\u00e4seneksi ota yhteytt\u00e4 yhdistyksen j\u00e4sensihteeriin:<br><strong>Marian Moisander, p. 040 730 1530, jasen@ddtry.fi<\/strong><br><\/p>\n\n\n\n<h2 class=\"wp-block-heading\"><br>J\u00e4senmaksu vuodelle 2025<\/h2>\n\n\n\n<p><br>Vuosij\u00e4sen 25 euroa<br>Perhej\u00e4sen 10 euroa<br>Maksu tilille <strong>FI66 4108 0012 8798 24<\/strong>.<br>J\u00e4senmaksu sis\u00e4lt\u00e4\u00e4 yhdistyksen j\u00e4senlehden, joka ilmestyy nelj\u00e4 kertaa vuodessa, sek\u00e4 Suomen Terrierij\u00e4rjest\u00f6n lehden &#8221;Terrilife&#8221;.<\/p>\n\n\n\n<p><br><\/p>\n\n\n\n<h2 class=\"wp-block-heading\"><br>DDT-kerhon lahjaj\u00e4senyys uudelle pennun ostajalle<\/h2>\n\n\n\n<p><br>Kasvattaja voi lahjoittaa kerhon ensimm\u00e4isen vuoden j\u00e4senyyden uudelle dandien omistajalle ilmaiseksi ilmoittamalla uuden j\u00e4senen yhteystiedot j\u00e4sensihteerille. Mik\u00e4li tiedot tulevat 1.10. j\u00e4lkeen, j\u00e4senyys kattaa tulevan vuoden. <\/p>\n\n\n\n<p><\/p>\n\n\n\n<h2 class=\"wp-block-heading\"><br>Toimintaa<\/h2>\n\n\n\n<p><br>Olemme pieni mutta varsin aktiivinen yhdistys. T\u00e4rkein tapahtumamme on Dandiep\u00e4iv\u00e4t, joille ottaa osaa joka kes\u00e4 yli kolmannes j\u00e4senist\u00f6st\u00e4mme. Kokoonnumme viikonlopuksi jonnekin p\u00e4in Suomea tapaamaan muita dandien omistajia, harrastamaan koiriemme kanssa ja oppimaan uutta rodun tiimoilta.<\/p>\n\n\n\n<p> <br><\/p>\n\n\n<div class=\"wp-block-image is-style-default\">\n<figure class=\"aligncenter size-full is-resized\"><img fetchpriority=\"high\" decoding=\"async\" src=\"https:\/\/www.ddtry.fi\/wp-content\/uploads\/2021\/10\/4sukupolvea1_reijo.jpg\" alt=\"\" class=\"wp-image-1729\" width=\"720\" height=\"350\" srcset=\"https:\/\/www.ddtry.fi\/wp-content\/uploads\/2021\/10\/4sukupolvea1_reijo.jpg 960w, https:\/\/www.ddtry.fi\/wp-content\/uploads\/2021\/10\/4sukupolvea1_reijo-300x146.jpg 300w, https:\/\/www.ddtry.fi\/wp-content\/uploads\/2021\/10\/4sukupolvea1_reijo-768x374.jpg 768w\" sizes=\"(max-width: 720px) 100vw, 720px\" \/><figcaption class=\"wp-element-caption\">Nelj\u00e4 sukupolvea dandej\u00e4 Dandiep\u00e4ivill\u00e4 2013<br>kuva: Reijo Karlsson<\/figcaption><\/figure>\n<\/div>\n\n\n<h2 class=\"wp-block-heading\"><br>Vuoden Dandie<\/h2>\n\n\n\n<p><br>Kaikki n\u00e4yttelyiss\u00e4 k\u00e4yneet suomalaiset dandiet ovat mukana Vuoden Dandie -rankingissa, joka perustuu kotimaan virallisten n\u00e4yttelyiden tuloksiin. Parhaat pisteet ker\u00e4nneelle koiralle my\u00f6nnet\u00e4\u00e4n &#8221;Vuoden Dandie&#8221;-arvo, lis\u00e4ksi kirjataan aina muistiin vastakkaisen sukupuolen paras, paras pentu sek\u00e4 paras veteraani.<br><\/p>\n\n\n\n<h2 class=\"wp-block-heading\"><br>Dandiep\u00e4iv\u00e4t<\/h2>\n\n\n\n<p><br>Yhdistyksen p\u00e4\u00e4tapahtuma on vuosittain j\u00e4rjestett\u00e4v\u00e4t Dandiep\u00e4iv\u00e4t. N\u00e4m\u00e4 ovat yhdistyksen kes\u00e4p\u00e4iv\u00e4t, jotka viime vuosina ovat kest\u00e4neet torstai-illasta sunnuntaihin ja ker\u00e4nneet paikalle osallistujia ymp\u00e4ri Suomea.<br><\/p>\n\n\n\n<p><br>Tavoitteena on tarjota dandien omistajille jotain hauskaa ja hy\u00f6dyllist\u00e4 oman rotumme tiimoilta &#8211; ohjelmassa on ollut mm. trimmausopastusta, silm\u00e4- ja polvitarkastuksia, el\u00e4inl\u00e4\u00e4k\u00e4rin luento, koiran kotihierontaa, tietoa kasvattajille, erikoistuomarimme vierailu, agilityn alkeita, n\u00e4yttelyharjoituksia, verij\u00e4lkiharjoituksia ja noseworkin alkeita.<br><\/p>\n\n\n\n<p><br>Ennen kaikkea kuitenkin p\u00e4ivien tarkoituksena on tuoda rodun harrastajia yhteen, antaa mahdollisuus mukavaan yhdess\u00e4oloon ja mielipiteiden vaihtoon.<\/p>\n","protected":false},"excerpt":{"rendered":"<p>J\u00e4seneksi? Halutessasi liitty\u00e4 Dandiedinmontinterrierit-DDT ry:n j\u00e4seneksi ota yhteytt\u00e4 yhdistyksen j\u00e4sensihteeriin:Marian Moisander, p. 040 730 1530, jasen@ddtry.fi J\u00e4senmaksu vuodelle 2025 Vuosij\u00e4sen 25 euroaPerhej\u00e4sen 10 euroaMaksu tilille&hellip;<\/p>\n","protected":false},"author":1,"featured_media":0,"parent":0,"menu_order":0,"comment_status":"closed","ping_status":"closed","template":"","meta":{"footnotes":""},"class_list":["post-1689","page","type-page","status-publish","hentry"],"_links":{"self":[{"href":"https:\/\/www.ddtry.fi\/index.php\/wp-json\/wp\/v2\/pages\/1689","targetHints":{"allow":["GET"]}}],"collection":[{"href":"https:\/\/www.ddtry.fi\/index.php\/wp-json\/wp\/v2\/pages"}],"about":[{"href":"https:\/\/www.ddtry.fi\/index.php\/wp-json\/wp\/v2\/types\/page"}],"author":[{"embeddable":true,"href":"https:\/\/www.ddtry.fi\/index.php\/wp-json\/wp\/v2\/users\/1"}],"replies":[{"embeddable":true,"href":"https:\/\/www.ddtry.fi\/index.php\/wp-json\/wp\/v2\/comments?post=1689"}],"version-history":[{"count":21,"href":"https:\/\/www.ddtry.fi\/index.php\/wp-json\/wp\/v2\/pages\/1689\/revisions"}],"predecessor-version":[{"id":2053,"href":"https:\/\/www.ddtry.fi\/index.php\/wp-json\/wp\/v2\/pages\/1689\/revisions\/2053"}],"wp:attachment":[{"href":"https:\/\/www.ddtry.fi\/index.php\/wp-json\/wp\/v2\/media?parent=1689"}],"curies":[{"name":"wp","href":"https:\/\/api.w.org\/{rel}","templated":true}]}}