{"id":1686,"date":"2021-10-12T12:50:41","date_gmt":"2021-10-12T09:50:41","guid":{"rendered":"http:\/\/www.ddtry.fi\/?page_id=1686"},"modified":"2021-10-12T12:50:42","modified_gmt":"2021-10-12T09:50:42","slug":"tietoa-rodusta","status":"publish","type":"page","link":"https:\/\/www.ddtry.fi\/index.php\/tietoa-rodusta\/","title":{"rendered":"Tietoa rodusta"},"content":{"rendered":"\n<h2 class=\"wp-block-heading\"><br>Siis mik\u00e4 dandindin\u2026?<\/h2>\n\n\n\n<h2 class=\"wp-block-heading\"><br>K\u00e4ytt\u00f6tarkoitus<\/h2>\n\n\n\n<p><br>Dandiedinmontinterrieri on kotoisin Englannin ja Skotlannin rajamailta, miss\u00e4 se oli arvostettu pikkuriistan ja tuhoel\u00e4inten h\u00e4vitt\u00e4j\u00e4. Saalis vaihteli rotista aina m\u00e4yriin ja alueen isoihin hurjiin kettuihin, mutta dandie ei pel\u00e4nnyt \u201dmit\u00e4\u00e4n mill\u00e4 on karvat p\u00e4\u00e4ll\u00e4\u201d. Ja vaikka dandie nykyisin onkin useimmiten seurakoira, niin alkuper\u00e4iset k\u00e4ytt\u00f6koiran piirteet ovat tallella: vahvat leuat, isot hampaat, s\u00e4\u00e4nkest\u00e4v\u00e4 turkki, vankka rakenne, tukevat raajat ja kaivamiseen soveltuvat lujat kynnet.<\/p>\n\n\n\n<p><br>Rodun nimi on per\u00e4isin Sir Walter Scottin kirjasta \u201dGuy Mannering\u201d, jossa esiintyv\u00e4ll\u00e4 henkil\u00f6ll\u00e4 nimelt\u00e4 Dandie Dinmont oli maatilallaan liuta pieni\u00e4, ketteri\u00e4, sinapin ja pippurin v\u00e4risi\u00e4 terriereit\u00e4. Se on maailman ainoa fiktiivisen henkil\u00f6n mukaan nimetty rotu.<\/p>\n\n\n\n<h2 class=\"wp-block-heading\"><br>Luonne ja k\u00e4ytt\u00e4ytyminen<\/h2>\n\n\n\n<p><br>Dandie on omanarvontuntoinen, ihmisrakas, huumorintajuinen, rohkea ja utelias \u2013 Suuri Persoona. Niit\u00e4 l\u00f6ytyy joka l\u00e4ht\u00f6\u00f6n: on himolenkkeilij\u00f6it\u00e4, jotka menev\u00e4t vaikka sein\u00e4st\u00e4 l\u00e4pi jos jokap\u00e4iv\u00e4inen reissu on j\u00e4\u00e4m\u00e4ss\u00e4 v\u00e4liin. On nautiskelijoita jotka kyll\u00e4 mielell\u00e4\u00e4n ulkoilevat, ellei sitten satu olemaan sateinen ilma, joka soveltuu paremmin maailman mietiskelyyn sohvannurkasta k\u00e4sin. On hurjia mets\u00e4st\u00e4ji\u00e4, joiden lempipuuhaa on nurmikon tai hangen uumenissa lymyilev\u00e4n saaliin vaaniminen. Sek\u00e4 h\u00f6ss\u00f6j\u00e4, joiden mielest\u00e4 puuhaaminen on p\u00e4\u00e4asia ja puuhan aihe t\u00e4ysin sivuseikka &#8211; t\u00e4rkeint\u00e4 ett\u00e4 tekemist\u00e4 riitt\u00e4\u00e4.<br><\/p>\n\n\n\n<p>Dandie on mainio matkaseuralainen, mutta ei toki valita kotisohvallakaan. T\u00e4m\u00e4n rodun edustajan kanssa ei el\u00e4m\u00e4 k\u00e4y tyls\u00e4ksi ja joka p\u00e4iv\u00e4 on aihetta hymyyn. Dandie on k\u00e4tev\u00e4n kokoinen, joten se on helppo ottaa mukaan. Matalat raajat eiv\u00e4t kuitenkaan merkitse sit\u00e4, etteik\u00f6 se pystyisi ja jaksaisi liikkua! Dandie on ketter\u00e4 ja notkea, k\u00e4\u00e4ntyy t\u00e4ydest\u00e4 vauhdista vaikka akselinsa ymp\u00e4ri ilman ett\u00e4 vauhti siit\u00e4 hiipuu.<br><\/p>\n\n\n\n<h2 class=\"wp-block-heading\"><br>Yleisimm\u00e4t asiat terveydest\u00e4<\/h2>\n\n\n\n<p><br>Rotu on pitk\u00e4ik\u00e4inen ja varsin terve. Vakavimmat sairaudet lienev\u00e4t glaukooma, Cushingin tauti, kilpirauhasen vajaatoiminta sek\u00e4 v\u00e4lilevytyr\u00e4.<br><\/p>\n\n\n\n<h2 class=\"wp-block-heading\"><br>Turkinhoito<\/h2>\n\n\n\n<p><br>Turkki vaatii ehdottomasti s\u00e4\u00e4nn\u00f6llist\u00e4 hoitoa ja trimmausta nyppim\u00e4ll\u00e4. Turkin kotikunnostus ei ole kenellek\u00e4\u00e4n ylivoimainen opeteltava, eik\u00e4 s\u00e4\u00e4nn\u00f6llinen perushoito vie aikaakaan ylen m\u00e4\u00e4rin.<br><\/p>\n\n\n\n<h2 class=\"wp-block-heading\"><br>Meillek\u00f6 dandie?<\/h2>\n\n\n\n<p><br>Jos olet hankkimassa koiraa ja dandie on ehdolla roduksi, kannattaa ajatella muutamaa asiaa:<br><\/p>\n\n\n\n<ul class=\"wp-block-list\"><li>Dandie on nyppim\u00e4ll\u00e4 trimmattava rotu. Normaalioloissa dandiesta ei juurikaan l\u00e4hde karvaa, mutta turkki kaipaa s\u00e4\u00e4nn\u00f6llist\u00e4 hoitoa. S\u00e4\u00e4nn\u00f6llinen kampaus ja takkujen selvittely on tietenkin itsest\u00e4\u00e4nselvyys, lis\u00e4ksi kuollutta karvaa t\u00e4ytyy ajoittain nyppi\u00e4 pois. Kotitrimmauksen opettelu ei vaadi ydinfyysikon taitoja, sen pystyy jokainen oppimaan ja kasvattaja opastaa mielell\u00e4\u00e4n tai jos v\u00e4limatkaa on liikaa, ohjaa jonkun asiantuntevan luokse. Jos karva trimmataan ajamalla, turkin laatu k\u00e4rsii: s\u00e4\u00e4nkest\u00e4vyys katoaa, turkista tulee pehme\u00e4 ja se imee vett\u00e4 kuin sieni, mik\u00e4 ei ole mukavaa sen paremmin koiralle kuin omistajallekaan. Lis\u00e4ksi, jos ostat tietyn rotuisen koiran, niin eik\u00f6 ole mukavaa jos se n\u00e4ytt\u00e4\u00e4 edes suunnilleen oikealta? T\u00e4m\u00e4 ei onnistu aivan mit\u00e4\u00e4n tekem\u00e4tt\u00e4. Jos siis haluat koiran jonka karvalle ei tarvitse tehd\u00e4 mit\u00e4\u00e4n, dandie ei ole sinun rotusi.<\/li><li>Dandie on vankkaa tekoa, mutta se on kuitenkin matalaraajainen ja pitk\u00e4selk\u00e4inen. Selk\u00e4vaivat eiv\u00e4t ole rodulla yleisi\u00e4, mutta esim. pitk\u00e4t liukkaat kerrostalon portaikot eiv\u00e4t ole paras paikka dandielle. Kohtuullinen portaissa liikkuminen ei toki ole pahasta.<\/li><li>Dandie on terrieri. Vaikka se varsinkin pentuna n\u00e4ytt\u00e4\u00e4 pehmolelulta, sis\u00e4lt\u00e4 se on kaikkea muuta. Dandie ei ole terriereist\u00e4 kovin, mutta se on fiksu ja osaa ottaa omistajaltaan ohjat jos tilaisuus tarjoutuu. Yst\u00e4v\u00e4llinen, johdonmukainen kasvatus siis on tarpeen.<\/li><li>Dandie on hyvin ihmisrakas &#8211; kotiin yksin j\u00e4\u00e4mist\u00e4 kannattaa harjoitella ja se voi olla joskus melkoisen vaikeaa, kun dandie haluaisi mukaan joka paikkaan.<\/li><li>Dandie ei ole yleisesti ottaen mik\u00e4\u00e4n r\u00e4ksytt\u00e4j\u00e4, mutta silloin kun se haukkuu niin sill\u00e4 on ison koiran \u00e4\u00e4ni. Tulijat monesti \u00e4llistyv\u00e4t, kun n\u00e4kev\u00e4t mink\u00e4 kokoinen koira on vastassa, he kun ovat odottaneet jotain paljon suurempaa.<\/li><\/ul>\n\n\n\n<p><br>Ja lopuksi varoituksen sana: dandie on siit\u00e4 mielenkiintoinen rotu, ett\u00e4 niit\u00e4 saattaa helposti kerty\u00e4 samaan talouteen useampia. Mieti siis viel\u00e4, annatko dandielle pikkusormen, saatat kohta huomata ett\u00e4 samalla menikin koko k\u00e4si. Jos n\u00e4in k\u00e4y, tervetuloa joukkoon.<\/p>\n","protected":false},"excerpt":{"rendered":"<p>Siis mik\u00e4 dandindin\u2026? K\u00e4ytt\u00f6tarkoitus Dandiedinmontinterrieri on kotoisin Englannin ja Skotlannin rajamailta, miss\u00e4 se oli arvostettu pikkuriistan ja tuhoel\u00e4inten h\u00e4vitt\u00e4j\u00e4. Saalis vaihteli rotista aina m\u00e4yriin ja&hellip;<\/p>\n","protected":false},"author":1,"featured_media":0,"parent":0,"menu_order":0,"comment_status":"closed","ping_status":"closed","template":"","meta":{"footnotes":""},"class_list":["post-1686","page","type-page","status-publish","hentry"],"_links":{"self":[{"href":"https:\/\/www.ddtry.fi\/index.php\/wp-json\/wp\/v2\/pages\/1686","targetHints":{"allow":["GET"]}}],"collection":[{"href":"https:\/\/www.ddtry.fi\/index.php\/wp-json\/wp\/v2\/pages"}],"about":[{"href":"https:\/\/www.ddtry.fi\/index.php\/wp-json\/wp\/v2\/types\/page"}],"author":[{"embeddable":true,"href":"https:\/\/www.ddtry.fi\/index.php\/wp-json\/wp\/v2\/users\/1"}],"replies":[{"embeddable":true,"href":"https:\/\/www.ddtry.fi\/index.php\/wp-json\/wp\/v2\/comments?post=1686"}],"version-history":[{"count":1,"href":"https:\/\/www.ddtry.fi\/index.php\/wp-json\/wp\/v2\/pages\/1686\/revisions"}],"predecessor-version":[{"id":1687,"href":"https:\/\/www.ddtry.fi\/index.php\/wp-json\/wp\/v2\/pages\/1686\/revisions\/1687"}],"wp:attachment":[{"href":"https:\/\/www.ddtry.fi\/index.php\/wp-json\/wp\/v2\/media?parent=1686"}],"curies":[{"name":"wp","href":"https:\/\/api.w.org\/{rel}","templated":true}]}}