{"id":1645,"date":"2021-10-12T10:26:31","date_gmt":"2021-10-12T07:26:31","guid":{"rendered":"http:\/\/www.ddtry.fi\/?page_id=1645"},"modified":"2024-08-01T09:26:01","modified_gmt":"2024-08-01T06:26:01","slug":"jasenlehti-dandie","status":"publish","type":"page","link":"https:\/\/www.ddtry.fi\/index.php\/jasenlehti-dandie\/","title":{"rendered":"Dandielehti"},"content":{"rendered":"\n<h2 class=\"wp-block-heading\">Yhdistyksen j\u00e4senlehti Dandie<\/h2>\n\n\n\n<p>Yhdistyksen lehti ilmestyy kolme kertaa vuodessa.<br><\/p>\n\n\n\n<p><br>Aineisto- ja ilmestymisaikataulu:<br>Nro 1 &#8211; Maalis-huhtikuu (aineisto 15.2.)<br>Nro 2 &#8211; Elo-syyskuu (30.7.)<br>Nro 3-4 &#8211; Joulukuu (30.11.)<br><\/p>\n\n\n\n<p><br>Juttuja ja juttuvinkkej\u00e4 otetaan ilomielin vastaan, samoin kuvia: lehti@ddtry.fi \/ ddtlehti@gmail.com<\/p>\n\n\n\n<h2 class=\"wp-block-heading\"><br>Ilmoitushinnat<\/h2>\n\n\n\n<p>Mainokset vain sis\u00e4sivuilla (mukaanlukien taka-sis\u00e4kansi);<br>hinnat j\u00e4sen \/ ei-j\u00e4sen:<br>Koko sivu 25 \u20ac \/ 50 \u20ac<br>Puoli sivua 15 \u20ac \/ 30 \u20ac<\/p>\n\n\n\n<h2 class=\"wp-block-heading\"><br>Kasvattaja- ja trimmaajaruutu<\/h2>\n\n\n\n<p>Kasvattajat ja trimmaajat voivat ilmoittaa yhteystietonsa lehden kasvattaja- tai trimmaajapalstalla. Sek\u00e4 kasvattaja- ett\u00e4 trimmaajaruudun hinta on 10\u20ac\/vuosi.&nbsp;Tiedot julkaistaan aina vuoden toisesta lehdest\u00e4 seuraavan vuoden ensimm\u00e4iseen lehteen saakka. <\/p>\n\n\n\n<p><br>Kasvattajaruutuun voi ilmoittaa kennelnimen, kasvattajan nimen, paikkakunnan ja tarvittavat yhteystiedot some-osoitteineen sek\u00e4 logon tai valokuvan. <br>Trimmaajaruutuun trimmaajan yhteystiedot (paikkakunta, puhelin, some-osoite, logo tai valokuva).<br>Tiedot molempia ruutuja varten voi toimittaa lehden osoitteeseen ddtlehti@gmail.com.<\/p>\n\n\n\n<h2 class=\"wp-block-heading\"><br>Ohjeita materiaalin toimitukseen<\/h2>\n\n\n\n<ul class=\"wp-block-list\">\n<li>Tekstit ilman muotoiluja<\/li>\n\n\n\n<li>\u00c4l\u00e4 pakkaa tai rajaa valokuvia \u2013 toimita ne siin\u00e4 muodossa kuin ne ovat tulleet kamerasta!<\/li>\n\n\n\n<li>Jos et itse ole kuvaaja, varmistathan ett\u00e4 kuvalle on julkaisulupa, ja ilmoita kuvaajan nimi!<\/li>\n\n\n\n<li>Toimita tekstit ja kuvat erillisin\u00e4 (siis ei kuvia esim. Word-tiedostoon upotettuna).<\/li>\n\n\n\n<li>Muualta lainatut kiinnostavat artikkelit ovat tervetulleita, mutta muista ilmoittaa l\u00e4hde ja varmistaa ett\u00e4 jutun julkaisemiseen on lupa.<\/li>\n<\/ul>\n","protected":false},"excerpt":{"rendered":"<p>Yhdistyksen j\u00e4senlehti Dandie Yhdistyksen lehti ilmestyy kolme kertaa vuodessa. Aineisto- ja ilmestymisaikataulu:Nro 1 &#8211; Maalis-huhtikuu (aineisto 15.2.)Nro 2 &#8211; Elo-syyskuu (30.7.)Nro 3-4 &#8211; Joulukuu (30.11.)&hellip;<\/p>\n","protected":false},"author":1,"featured_media":0,"parent":0,"menu_order":0,"comment_status":"closed","ping_status":"closed","template":"","meta":{"footnotes":""},"class_list":["post-1645","page","type-page","status-publish","hentry"],"_links":{"self":[{"href":"https:\/\/www.ddtry.fi\/index.php\/wp-json\/wp\/v2\/pages\/1645","targetHints":{"allow":["GET"]}}],"collection":[{"href":"https:\/\/www.ddtry.fi\/index.php\/wp-json\/wp\/v2\/pages"}],"about":[{"href":"https:\/\/www.ddtry.fi\/index.php\/wp-json\/wp\/v2\/types\/page"}],"author":[{"embeddable":true,"href":"https:\/\/www.ddtry.fi\/index.php\/wp-json\/wp\/v2\/users\/1"}],"replies":[{"embeddable":true,"href":"https:\/\/www.ddtry.fi\/index.php\/wp-json\/wp\/v2\/comments?post=1645"}],"version-history":[{"count":8,"href":"https:\/\/www.ddtry.fi\/index.php\/wp-json\/wp\/v2\/pages\/1645\/revisions"}],"predecessor-version":[{"id":2011,"href":"https:\/\/www.ddtry.fi\/index.php\/wp-json\/wp\/v2\/pages\/1645\/revisions\/2011"}],"wp:attachment":[{"href":"https:\/\/www.ddtry.fi\/index.php\/wp-json\/wp\/v2\/media?parent=1645"}],"curies":[{"name":"wp","href":"https:\/\/api.w.org\/{rel}","templated":true}]}}