{"id":1625,"date":"2021-09-29T17:07:35","date_gmt":"2021-09-29T14:07:35","guid":{"rendered":"http:\/\/www.ddtry.fi\/?page_id=1625"},"modified":"2021-09-29T17:07:35","modified_gmt":"2021-09-29T14:07:35","slug":"vuoden-dandie","status":"publish","type":"page","link":"https:\/\/www.ddtry.fi\/index.php\/vuoden-dandie\/","title":{"rendered":"Vuoden Dandie"},"content":{"rendered":"\n<p>Vuoden Dandie on Dandiedinmontinterrierit &#8211; DDT ry:n tulosranking, jonka perusteella saadaan selville menestyksekk\u00e4imm\u00e4t n\u00e4yttelydandiet. Vuoden Dandie on valittu vuodesta 1998 l\u00e4htien. Pistelaskussa ovat mukana kaikki Suomessa asuvat, n\u00e4yttelyiss\u00e4 k\u00e4yneet dandiet. Tulokset lasketaan Suomen Kennelliitosta saatavien virallisten n\u00e4yttelytulosten perusteella. Koiran omistajaa pyydet\u00e4\u00e4n vain varmistamaan, ett\u00e4 mahdolliset ryhm\u00e4kilpailutulokset tulevat yhdistyksen tietoon.<br><\/p>\n\n\n\n<p>Pisteet lasketaan edellisen vuoden joulukuun alusta ja seuraavan marraskuun loppuun (esim. Vuoden Dandie 2021 laskentajakso on 1.12.2020 &#8211; 30.11.2021).<\/p>\n\n\n\n<h3 class=\"wp-block-heading\"><br>Vuoden Dandie -pistelasku<\/h3>\n\n\n\n<h4 class=\"wp-block-heading\"><br>Peruspisteet:<\/h4>\n\n\n\n<p>ROP = 10 + 1 piste jokaisesta voitetusta virallisissa luokissa olleesta koirasta<br>VSP = 7 + 1 piste jokaisesta voitetusta virallisissa luokissa olleesta saman sukupuolen koirasta<br>PU\/PN 2 = 5 + 1 piste jokaisesta voitetusta virallisissa luokissa olleesta saman sukupuolen koirasta<br>PU\/PN 3 = 3 + 1 piste jokaisesta voitetusta virallisissa luokissa olleesta saman sukupuolen koirasta<br>PU\/PN 4 = 2 + 1 piste jokaisesta voitetusta virallisissa luokissa olleesta saman sukupuolen koirasta<\/p>\n\n\n\n<h4 class=\"wp-block-heading\"><br>Lis\u00e4pisteet KV- \/ KR- \/ ERI-n\u00e4yttelyist\u00e4:<\/h4>\n\n\n\n<p>RYP\/BIS-1 = 13<br>RYP\/BIS-2 = 12<br>RYP\/BIS-3 = 11<br>RYP\/BIS-4 = 10<\/p>\n\n\n\n<h4 class=\"wp-block-heading\"><br>Lis\u00e4pisteet ryhm\u00e4n\u00e4yttelyist\u00e4:<\/h4>\n\n\n\n<p>RYP\/BIS-1 = 10<br>RYP\/BIS-2 = 9<br>RYP\/BIS-3 = 8<br>RYP\/BIS-4 = 7<\/p>\n\n\n\n<p><br>Vuoden Dandien arvosta kilpailevat vain Suomessa asuvat koirat.<\/p>\n\n\n\n<p><br>Vain virallisissa n\u00e4yttelyiss\u00e4 (KV, kansallinen, ryhm\u00e4n\u00e4yttely, erikoisn\u00e4yttely) saavutetut tulokset otetaan huomioon. Tulokset lasketaan vuosittain SKL:n virallisten n\u00e4yttelytulosten perusteella. Vuoden viisi (5) parasta tulosta otetaan huomioon. Laskentakausi on edellisen vuoden joulukuun alusta seuraavan marraskuun loppuun.<br><\/p>\n\n\n\n<p><br>Koska huomioon otetaan vain viralliset luokat, pentuluokkien koiria ei lasketa mukaan koirien kokonaism\u00e4\u00e4r\u00e4\u00e4n.<br>Sijoitukset STJ:n erikoisn\u00e4yttelyn BIS-kilpailussa lasketaan RYP-sijoituksiksi.<br><\/p>\n\n\n\n<p><br>Mik\u00e4li kaksi koiraa saa lopputuloksissa saman pistem\u00e4\u00e4r\u00e4n, korkeammalla sijaluvulla on koira, joka on saanut ko. pistem\u00e4\u00e4r\u00e4n v\u00e4hemmill\u00e4 n\u00e4yttelyill\u00e4. Mik\u00e4li n\u00e4yttelyk\u00e4yntej\u00e4 on saman verran, koirat ovat lopputuloksissa samalla jaetulla sijalla.<\/p>\n\n\n\n<h3 class=\"wp-block-heading\"><br><br>Vuoden Dandie-veteraani<br><\/h3>\n\n\n\n<h4 class=\"wp-block-heading\"><br>Pisteet:<\/h4>\n\n\n\n<p>ROP-vet = 10<br>VSP-vet = 7<br>BIS-1 vet = 8<br>BIS-2 vet = 7<br>BIS-3 vet = 6<br>BIS-4 vet = 5<\/p>\n\n\n\n<p><br><br>Huomioon otetaan vuoden viisi (5) parasta tulosta.<br><\/p>\n\n\n\n<p><br>Mik\u00e4li kaksi koiraa saa lopputuloksissa saman pistem\u00e4\u00e4r\u00e4n, korkeammalla sijaluvulla on koira, joka on a) saanut ko. pistem\u00e4\u00e4r\u00e4n v\u00e4hemmill\u00e4 n\u00e4yttelyill\u00e4, b) ker\u00e4nnyt korkeampia sijoituksia BIS-veteraanikisassa. Mik\u00e4li n\u00e4it\u00e4 on yht\u00e4 paljon, koirat ovat lopputuloksissa samalla jaetulla sijalla.<\/p>\n\n\n\n<h3 class=\"wp-block-heading\"><br><br>Vuoden Dandie-pentu<\/h3>\n\n\n\n<p><br>Pisteisiin otetaan huomioon kolme (3) parasta n\u00e4yttelytulosta. Pisteit\u00e4 saavat vain KP:n saaneet pennut.<br>Jokainen pentu saa 1 pisteen kaikista taakseen j\u00e4tt\u00e4mist\u00e4\u00e4n pennuista. KP:st\u00e4 saa 5 pistett\u00e4. Taakse j\u00e4tettyj\u00e4 pentuja ovat kaikki kilpailussa mukana olleet, taakse j\u00e4\u00e4neet saman sukupuolen pennut, ROP-pennulla lis\u00e4ksi kaikki vastakkaisen sukupuolen pennut.<br><\/p>\n\n\n\n<h4 class=\"wp-block-heading\"><br>Pisteet:<\/h4>\n\n\n\n<p>ROP-pentu = 8<br>VSP-pentu = 6<br>BIS-1 = 8<br>BIS-2 = 7<br>BIS-3 = 6<br>BIS-4 = 5<br><\/p>\n\n\n\n<p><br>Koska pentun\u00e4yttelyiss\u00e4 on mukana my\u00f6s pikkupennut sek\u00e4 ryhm\u00e4kilpailut, n\u00e4iss\u00e4 n\u00e4yttelyiss\u00e4 voi lis\u00e4ksi saada seuraavia pisteit\u00e4:<br>PU2-pentu = 3<br>PN2-pentu = 3<br>RYP-1 = 8<br>RYP-2 = 7<br>RYP-3 = 6<br>RYP-4 = 5<br><\/p>\n\n\n\n<p><br>Mik\u00e4li kaksi koiraa saa lopputuloksissa saman pistem\u00e4\u00e4r\u00e4n, korkeammalla sijalla on koira, jolla on tilill\u00e4\u00e4n eniten 1) eniten taakse j\u00e4tettyj\u00e4 pentuja, 2) ROP-pentusijoituksia.<\/p>\n\n\n\n<p><\/p>\n","protected":false},"excerpt":{"rendered":"<p>Vuoden Dandie on Dandiedinmontinterrierit &#8211; DDT ry:n tulosranking, jonka perusteella saadaan selville menestyksekk\u00e4imm\u00e4t n\u00e4yttelydandiet. Vuoden Dandie on valittu vuodesta 1998 l\u00e4htien. Pistelaskussa ovat mukana kaikki&hellip;<\/p>\n","protected":false},"author":1,"featured_media":0,"parent":0,"menu_order":0,"comment_status":"closed","ping_status":"closed","template":"","meta":{"footnotes":""},"class_list":["post-1625","page","type-page","status-publish","hentry"],"_links":{"self":[{"href":"https:\/\/www.ddtry.fi\/index.php\/wp-json\/wp\/v2\/pages\/1625","targetHints":{"allow":["GET"]}}],"collection":[{"href":"https:\/\/www.ddtry.fi\/index.php\/wp-json\/wp\/v2\/pages"}],"about":[{"href":"https:\/\/www.ddtry.fi\/index.php\/wp-json\/wp\/v2\/types\/page"}],"author":[{"embeddable":true,"href":"https:\/\/www.ddtry.fi\/index.php\/wp-json\/wp\/v2\/users\/1"}],"replies":[{"embeddable":true,"href":"https:\/\/www.ddtry.fi\/index.php\/wp-json\/wp\/v2\/comments?post=1625"}],"version-history":[{"count":7,"href":"https:\/\/www.ddtry.fi\/index.php\/wp-json\/wp\/v2\/pages\/1625\/revisions"}],"predecessor-version":[{"id":1632,"href":"https:\/\/www.ddtry.fi\/index.php\/wp-json\/wp\/v2\/pages\/1625\/revisions\/1632"}],"wp:attachment":[{"href":"https:\/\/www.ddtry.fi\/index.php\/wp-json\/wp\/v2\/media?parent=1625"}],"curies":[{"name":"wp","href":"https:\/\/api.w.org\/{rel}","templated":true}]}}